{"id":5553,"date":"2019-01-16T15:15:31","date_gmt":"2019-01-16T14:15:31","guid":{"rendered":"http:\/\/shop2019.pfarrplatz.at\/?page_id=5553"},"modified":"2022-10-06T12:21:38","modified_gmt":"2022-10-06T10:21:38","slug":"lagen","status":"publish","type":"page","link":"https:\/\/weingut-mayer-am.pfarrplatz.at\/de\/lagen\/","title":{"rendered":"Lagen"},"content":{"rendered":"<div id='av_section_1'  class='avia-section alternate_color avia-section-default avia-no-border-styling  avia-bg-style-scroll  avia-builder-el-0  el_before_av_layout_row  avia-builder-el-first  normalfont  container_wrap fullsize' style=' '  ><div class='container' ><main  role=\"main\" itemprop=\"mainContentOfPage\"  class='template-page content  av-content-full alpha units'><div class='post-entry post-entry-type-page post-entry-5553'><div class='entry-content-wrapper clearfix'>\n<div  style='padding-bottom:10px; margin:0 0 0 0; color:#333333;' class='av-special-heading av-special-heading-h1 custom-color-heading blockquote modern-quote modern-centered  avia-builder-el-1  el_before_av_hr  avia-builder-el-first  pp_header '><div class ='av-subheading av-subheading_above av_custom_color ' style='font-size:15px;'><\/div><h1 class='av-special-heading-tag '  itemprop=\"headline\"  >Ortsweine<\/h1><div class='special-heading-border'><div class='special-heading-inner-border' style='border-color:#333333'><\/div><\/div><\/div>\n<div  style='height:20px' class='hr hr-invisible   avia-builder-el-2  el_after_av_heading  el_before_av_textblock '><span class='hr-inner ' ><span class='hr-inner-style'><\/span><\/span><\/div>\n<section class=\"av_textblock_section \"  itemscope=\"itemscope\" itemtype=\"https:\/\/schema.org\/CreativeWork\" ><div class='avia_textblock  '  style='font-size:20px; '  itemprop=\"text\" ><p style=\"text-align: center;\">Sie entstammen hochwertigen, charaktervollen und traditionellen Weinbergen wie dem Wiener Nussberg oder einer Katastralgemeinde wie z.B. Grinzing.<\/p>\n<\/div><\/section>\n\n<\/div><\/div><\/main><!-- close content main element --><\/div><\/div><div id='av-layout-grid-1'  class='av-layout-grid-container entry-content-wrapper main_color av-flex-cells     avia-builder-el-4  el_after_av_section  el_before_av_layout_row  av-cell-min-height av-cell-min-height-75 submenu-not-first container_wrap fullsize' style=' '   data-av_minimum_height_pc='75'>\n<div class=\"flex_cell no_margin av_one_half  avia-builder-el-5  el_before_av_cell_one_half  avia-builder-el-first   \"  style='vertical-align:middle; padding:30px; ' ><div class='flex_cell_inner' ><p><div  style='padding-bottom:10px; margin:0 0 0 0; color:#333333;' class='av-special-heading av-special-heading-h2 custom-color-heading blockquote modern-quote modern-centered  avia-builder-el-6  el_before_av_hr  avia-builder-el-first  pp_header '><h2 class='av-special-heading-tag '  itemprop=\"headline\"  >Nussberg<\/h2><div class='special-heading-border'><div class='special-heading-inner-border' style='border-color:#333333'><\/div><\/div><\/div><br \/>\n<div  style='height:50px' class='hr hr-invisible   avia-builder-el-7  el_after_av_heading  el_before_av_image '><span class='hr-inner ' ><span class='hr-inner-style'><\/span><\/span><\/div><br \/>\n<div  class='avia-image-container  av-styling-   av-desktop-hide av-medium-hide  avia-builder-el-8  el_after_av_hr  el_before_av_textblock  avia-align-center '  itemprop=\"image\" itemscope=\"itemscope\" itemtype=\"https:\/\/schema.org\/ImageObject\"  ><div class='avia-image-container-inner'><div class='avia-image-overlay-wrap'><img decoding=\"async\" class='wp-image-5347 avia-img-lazy-loading-not-5347 avia_image' src=\"https:\/\/weingut-mayer-am.pfarrplatz.at\/wp-content\/uploads\/sites\/11\/2019\/01\/WienerLagen_161022_Gollin621E.jpg\" alt='' title='WienerLagen_161022_Gollin621E' height=\"1667\" width=\"2500\"  itemprop=\"thumbnailUrl\"  \/><\/div><\/div><\/div><br \/>\n<section class=\"av_textblock_section \"  itemscope=\"itemscope\" itemtype=\"https:\/\/schema.org\/CreativeWork\" ><div class='avia_textblock pp_lagen_text '  style='font-size:18px; '  itemprop=\"text\" ><p>Einst nannte man ihn Weingebirg \u2013 Wiens Paradelage, der Wiener Nussberg.<\/p>\n<p>Die s\u00fcdliche Hangneigung und die kalkreichen B\u00f6den bieten perfekte Bedingungen f\u00fcr Riesling, Gemischten Satz und Burgundersorten.<\/p>\n<p>Die Vielfalt der Rebsorten resultiert aus der Tradition des Heurigen und der gro\u00dfen geologischen Unterschiede am Nussberg. Der Kalkgehalt variiert zwischen 25 % und 65 % und vereint sich mit Lehm, Ton und Sand.<\/p>\n<p>Muscheln, einst vom Meer angeschwemmt, lassen in den Weinen vom Nussberg eine vielschichtige Mineralik entstehen.<\/p>\n<p>Der Einfluss von Wienerwald und Donau garantieren ein perfektes Mikroklima, das sich k\u00fchlend auswirkt und so die wichtigen Fruchtaromen pr\u00e4gt.<\/p>\n<p>Der Nussberg z\u00e4hlt zweifellos zu \u00d6sterreichs Top Lagen.<\/p>\n<p>Weine:\u00a0<strong><a href=\"https:\/\/shop.pfarrplatz.com\/de\/wein\/riesling-nussberg\/\">Nussberg &#8211; Riesling<\/a>, <a href=\"https:\/\/shop.pfarrplatz.com\/de\/wein\/wiener-gemischter-satz-dac-nussberg\/\">Nussberg &#8211; Wiener Gemischter Satz DAC<\/a>, <a href=\"https:\/\/shop.pfarrplatz.com\/de\/wein\/pinot-noir-nussberg\/\">Nussberg &#8211; Pinot Noir<\/a>, <a href=\"https:\/\/shop.pfarrplatz.com\/de\/wein\/riesling-nussberg-weisser-marmor\/\">Nussberg &#8211; Riesling Wei\u00dfer Marmor<\/a><\/strong><\/p>\n<\/div><\/section><\/p>\n<\/div><\/div><div class=\"flex_cell no_margin av_one_half  avia-builder-el-10  el_after_av_cell_one_half  avia-builder-el-last   avia-full-stretch av-hide-on-mobile  \"  style='background:url(https:\/\/weingut-mayer-am.pfarrplatz.at\/wp-content\/uploads\/sites\/11\/2019\/01\/WienerLagen_161022_Gollin621E.jpg) bottom center no-repeat scroll; vertical-align:top; padding:30px; ' ><div class='flex_cell_inner' ><\/div><\/div>\n<\/div>\n<div id='av-layout-grid-2'  class='av-layout-grid-container entry-content-wrapper main_color av-flex-cells     avia-builder-el-11  el_after_av_layout_row  el_before_av_section  av-cell-min-height av-cell-min-height-75 submenu-not-first container_wrap fullsize' style=' '   data-av_minimum_height_pc='75'>\n<div class=\"flex_cell no_margin av_one_half  avia-builder-el-12  el_before_av_cell_one_half  avia-builder-el-first   avia-full-stretch av-hide-on-mobile  \"  style='background:url(https:\/\/weingut-mayer-am.pfarrplatz.at\/wp-content\/uploads\/sites\/11\/2019\/01\/Schenkenberg.jpg) center center no-repeat scroll; vertical-align:top; padding:30px; ' ><div class='flex_cell_inner' ><\/div><\/div><div class=\"flex_cell no_margin av_one_half  avia-builder-el-13  el_after_av_cell_one_half  avia-builder-el-last   avia-full-stretch \"  style='vertical-align:middle; padding:30px; ' ><div class='flex_cell_inner' ><p><div  style='padding-bottom:10px; margin:0 0 0 0; color:#333333;' class='av-special-heading av-special-heading-h2 custom-color-heading blockquote modern-quote modern-centered  avia-builder-el-14  el_before_av_hr  avia-builder-el-first  pp_header '><h2 class='av-special-heading-tag '  itemprop=\"headline\"  >Grinzing<\/h2><div class='special-heading-border'><div class='special-heading-inner-border' style='border-color:#333333'><\/div><\/div><\/div><br \/>\n<div  style='height:50px' class='hr hr-invisible   avia-builder-el-15  el_after_av_heading  el_before_av_image '><span class='hr-inner ' ><span class='hr-inner-style'><\/span><\/span><\/div><br \/>\n<div  class='avia-image-container  av-styling-   av-desktop-hide av-medium-hide  avia-builder-el-16  el_after_av_hr  el_before_av_textblock  avia-align-center '  itemprop=\"image\" itemscope=\"itemscope\" itemtype=\"https:\/\/schema.org\/ImageObject\"  ><div class='avia-image-container-inner'><div class='avia-image-overlay-wrap'><img decoding=\"async\" class='wp-image-5619 avia-img-lazy-loading-not-5619 avia_image' src=\"https:\/\/weingut-mayer-am.pfarrplatz.at\/wp-content\/uploads\/sites\/11\/2019\/01\/Schenkenberg.jpg\" alt='' title='Schenkenberg' height=\"1072\" width=\"1600\"  itemprop=\"thumbnailUrl\"  \/><\/div><\/div><\/div><br \/>\n<section class=\"av_textblock_section \"  itemscope=\"itemscope\" itemtype=\"https:\/\/schema.org\/CreativeWork\" ><div class='avia_textblock pp_lagen_text '  style='font-size:18px; '  itemprop=\"text\" ><p>Die Weing\u00e4rten f\u00fcr den Gr\u00fcnen Vetliner Grinzing liegen in unmittelbarer N\u00e4he zur Kaasgrabenkirche in s\u00fcdwestlicher Ausrichtung. Die Aromenausbildung f\u00fcr diesen Wein zeigt sich dadurch in einer k\u00fchleren Stilistik.<\/p>\n<p>Die schottrigen B\u00f6den und der k\u00fchlende Einfluss vom Wienerwald sind ideal f\u00fcr w\u00fcrzige Gr\u00fcne Veltliner, die dadurch ihren typischen pfeffrigen Sortencharakter perfekt bewahren k\u00f6nnen.<\/p>\n<p>Der Anstieg zur Bellevue-H\u00f6he ist hier schon deutlich sp\u00fcrbar und macht die Bearbeitung von Hand unumg\u00e4nglich.<\/p>\n<p>Der Gr\u00fcner Veltliner aus dieser Lage wird je nach Jahrgang mittelschwer bis kr\u00e4ftig ausgebaut.<\/p>\n<p>Weine: <a href=\"https:\/\/shop.pfarrplatz.com\/de\/wein\/gruener-veltliner-schenkenberg\/\"><strong>Grinzing &#8211; Gr\u00fcner Veltliner<\/strong><\/a><\/p>\n<\/div><\/section><\/p>\n<\/div><\/div>\n<\/div>\n<div id='av_section_2'  class='avia-section alternate_color avia-section-default avia-no-border-styling  avia-bg-style-scroll  avia-builder-el-18  el_after_av_layout_row  el_before_av_layout_row  normalfont  container_wrap fullsize' style=' '  ><div class='container' ><div class='template-page content  av-content-full alpha units'><div class='post-entry post-entry-type-page post-entry-5553'><div class='entry-content-wrapper clearfix'>\n<div  style='padding-bottom:10px; margin:0 0 0 0; color:#333333;' class='av-special-heading av-special-heading-h1 custom-color-heading blockquote modern-quote modern-centered  avia-builder-el-19  el_before_av_hr  avia-builder-el-first  pp_header '><div class ='av-subheading av-subheading_above av_custom_color ' style='font-size:15px;'><\/div><h1 class='av-special-heading-tag '  itemprop=\"headline\"  >Riedenweine<\/h1><div class='special-heading-border'><div class='special-heading-inner-border' style='border-color:#333333'><\/div><\/div><\/div>\n<div  style='height:20px' class='hr hr-invisible   avia-builder-el-20  el_after_av_heading  el_before_av_textblock '><span class='hr-inner ' ><span class='hr-inner-style'><\/span><\/span><\/div>\n<section class=\"av_textblock_section \"  itemscope=\"itemscope\" itemtype=\"https:\/\/schema.org\/CreativeWork\" ><div class='avia_textblock  '  style='font-size:20px; '  itemprop=\"text\" ><p style=\"text-align: center;\">Sie entstammen ausschlie\u00dflich aus erstklassigen Rieden mit dem draus resultierenden eigenst\u00e4ndigen Charakter.<\/p>\n<\/div><\/section>\n\n<\/div><\/div><\/div><!-- close content main div --><\/div><\/div><div id='av-layout-grid-3'  class='av-layout-grid-container entry-content-wrapper main_color av-flex-cells     avia-builder-el-22  el_after_av_section  el_before_av_section  av-cell-min-height av-cell-min-height-75 submenu-not-first container_wrap fullsize' style=' '   data-av_minimum_height_pc='75'>\n<div class=\"flex_cell no_margin av_one_half  avia-builder-el-23  el_before_av_cell_one_half  avia-builder-el-first   \"  style='vertical-align:middle; padding:30px; ' ><div class='flex_cell_inner' ><p><div  style='padding-bottom:10px; margin:0 0 0 0; color:#333333;' class='av-special-heading av-special-heading-h2 custom-color-heading blockquote modern-quote modern-centered  avia-builder-el-24  el_before_av_hr  avia-builder-el-first  pp_header '><h2 class='av-special-heading-tag '  itemprop=\"headline\"  >Ried Alsegg<\/h2><div class='special-heading-border'><div class='special-heading-inner-border' style='border-color:#333333'><\/div><\/div><\/div><br \/>\n<div  style='height:50px' class='hr hr-invisible   avia-builder-el-25  el_after_av_heading  el_before_av_image '><span class='hr-inner ' ><span class='hr-inner-style'><\/span><\/span><\/div><br \/>\n<div  class='avia-image-container  av-styling-   av-desktop-hide av-medium-hide  avia-builder-el-26  el_after_av_hr  el_before_av_textblock  avia-align-center '  itemprop=\"image\" itemscope=\"itemscope\" itemtype=\"https:\/\/schema.org\/ImageObject\"  ><div class='avia-image-container-inner'><div class='avia-image-overlay-wrap'><img decoding=\"async\" class='wp-image-5719 avia-img-lazy-loading-not-5719 avia_image' src=\"https:\/\/weingut-mayer-am.pfarrplatz.at\/wp-content\/uploads\/sites\/11\/2019\/01\/Alsegg-1.jpg\" alt='' title='Alsegg' height=\"720\" width=\"960\"  itemprop=\"thumbnailUrl\"  \/><\/div><\/div><\/div><br \/>\n<section class=\"av_textblock_section \"  itemscope=\"itemscope\" itemtype=\"https:\/\/schema.org\/CreativeWork\" ><div class='avia_textblock pp_lagen_text '  style='font-size:18px; '  itemprop=\"text\" ><p>Die Alsegg \u2013 der Name r\u00fchrt von der Lage am Alsbach her-geh\u00f6rt zu den \u00e4ltesten urkundlich erw\u00e4hnten Lagen \u00d6sterreichs.<\/p>\n<p>Diese einzigartige Lage zeichnet sich nicht nur durch perfekte S\u00fcdexpositition aus, sondern vor allem durch die Gr\u00f6\u00dfe \u2013 8,3 Hektar \u2013 inmitten des dicht besiedelten 17. Bezirks.<\/p>\n<p>Durch die eingebettete Lage ist das Klima vor Sp\u00e4tfr\u00f6sten und starken Winden gesch\u00fctzt. Die fr\u00fche Entwicklung l\u00e4sst den Riesling perfekt ausreifen und eine zartfruchtige Marillenaromatik entwickeln.<\/p>\n<p>Die homogenen kalkreichen Lehm- und L\u00f6\u00dfb\u00f6den haben sich \u00fcber Jahrhunderte als ideale Voraussetzung f\u00fcr gro\u00dfe Weine bew\u00e4hrt.<\/p>\n<p>Weine: <strong><a href=\"https:\/\/shop.pfarrplatz.com\/de\/wein\/riesling-alsegg\/\">Ried Alsegg-Hernals Riesling<\/a>, <a href=\"https:\/\/shop.pfarrplatz.com\/de\/wein\/sauvignon-blanc-hernals\/\">Hernals &#8211; Sauvignon Blanc<\/a><\/strong><\/p>\n<\/div><\/section><\/p>\n<\/div><\/div><div class=\"flex_cell no_margin av_one_half  avia-builder-el-28  el_after_av_cell_one_half  avia-builder-el-last   avia-full-stretch av-hide-on-mobile  \"  style='background:url(https:\/\/weingut-mayer-am.pfarrplatz.at\/wp-content\/uploads\/sites\/11\/2019\/01\/Alsegg-1.jpg) bottom center no-repeat scroll; vertical-align:top; padding:30px; ' ><div class='flex_cell_inner' ><\/div><\/div>\n<\/div>\n<div id='av_section_3'  class='avia-section alternate_color avia-section-default avia-no-border-styling  avia-bg-style-scroll  avia-builder-el-29  el_after_av_layout_row  el_before_av_layout_row  normalfont  container_wrap fullsize' style=' '  ><div class='container' ><div class='template-page content  av-content-full alpha units'><div class='post-entry post-entry-type-page post-entry-5553'><div class='entry-content-wrapper clearfix'>\n<section class=\"av_textblock_section \"  itemscope=\"itemscope\" itemtype=\"https:\/\/schema.org\/CreativeWork\" ><div class='avia_textblock erste_lagen_header '  style='font-size:20px; '  itemprop=\"text\" ><h3 style=\"text-align: center;\">Erste Lagen Weine\u00a0 <img loading=\"lazy\" decoding=\"async\" class=\"alignnone size-full wp-image-7198 oetw_klein oetw_rechts\" src=\"https:\/\/weingut-mayer-am.pfarrplatz.at\/wp-content\/uploads\/sites\/11\/2019\/05\/1oetw-grau_freigestellt.png\" alt=\"\" width=\"42\" height=\"30\" \/><\/h3>\n<\/div><\/section>\n<div  style='height:20px' class='hr hr-invisible   avia-builder-el-31  el_after_av_textblock  el_before_av_textblock '><span class='hr-inner ' ><span class='hr-inner-style'><\/span><\/span><\/div>\n<section class=\"av_textblock_section \"  itemscope=\"itemscope\" itemtype=\"https:\/\/schema.org\/CreativeWork\" ><div class='avia_textblock  '  style='font-size:20px; '  itemprop=\"text\" ><p style=\"text-align: center;\">Diese Lagenklassifizierung steht f\u00fcr die allerbesten Rieden (Erste Lagen) einer Weinbauregion und gilt nur f\u00fcr gebietstypische Rebsorten.<\/p>\n<\/div><\/section>\n\n<\/div><\/div><\/div><!-- close content main div --><\/div><\/div><div id='av-layout-grid-4'  class='av-layout-grid-container entry-content-wrapper main_color av-flex-cells     avia-builder-el-33  el_after_av_section  el_before_av_layout_row  av-cell-min-height av-cell-min-height-75 submenu-not-first container_wrap fullsize' style=' '   data-av_minimum_height_pc='75'>\n<div class=\"flex_cell no_margin av_one_half  avia-builder-el-34  el_before_av_cell_one_half  avia-builder-el-first   avia-full-stretch av-hide-on-mobile  \"  style='background:url(https:\/\/weingut-mayer-am.pfarrplatz.at\/wp-content\/uploads\/sites\/11\/2019\/01\/Preussen.jpg) bottom center no-repeat scroll; vertical-align:top; padding:30px; ' ><div class='flex_cell_inner' ><\/div><\/div><div class=\"flex_cell no_margin av_one_half  avia-builder-el-35  el_after_av_cell_one_half  avia-builder-el-last   avia-full-stretch \"  style='vertical-align:middle; padding:30px; ' ><div class='flex_cell_inner' ><p><div  style='padding-bottom:10px; margin:0 0 0 0; color:#333333;' class='av-special-heading av-special-heading-h2 custom-color-heading blockquote modern-quote modern-centered  avia-builder-el-36  el_before_av_hr  avia-builder-el-first  pp_header '><h2 class='av-special-heading-tag '  itemprop=\"headline\"  >Ried Preussen-Nussberg<\/h2><div class='special-heading-border'><div class='special-heading-inner-border' style='border-color:#333333'><\/div><\/div><\/div><br \/>\n<div  style='height:50px' class='hr hr-invisible   avia-builder-el-37  el_after_av_heading  el_before_av_image '><span class='hr-inner ' ><span class='hr-inner-style'><\/span><\/span><\/div><br \/>\n<div  class='avia-image-container  av-styling-   av-desktop-hide av-medium-hide  avia-builder-el-38  el_after_av_hr  el_before_av_textblock  avia-align-center '  itemprop=\"image\" itemscope=\"itemscope\" itemtype=\"https:\/\/schema.org\/ImageObject\"  ><div class='avia-image-container-inner'><div class='avia-image-overlay-wrap'><img decoding=\"async\" class='wp-image-40826 avia-img-lazy-loading-not-40826 avia_image' src=\"https:\/\/weingut-mayer-am.pfarrplatz.at\/wp-content\/uploads\/sites\/11\/2022\/09\/Wien_Preussen_019-1030x678.jpg\" alt='' title='Ried Preussen,  Nussdorf, D\u00f6bling, Wien' height=\"678\" width=\"1030\"  itemprop=\"thumbnailUrl\"  \/><\/div><\/div><\/div><br \/>\n<section class=\"av_textblock_section \"  itemscope=\"itemscope\" itemtype=\"https:\/\/schema.org\/CreativeWork\" ><div class='avia_textblock pp_lagen_text '  style='font-size:18px; '  itemprop=\"text\" ><p>Schon 1501 erstmals urkundlich erw\u00e4hnt, benannt nach dem k\u00f6niglichen Rat Heinrich Preussel \u2013 nicht nach den Preussen, wie irrt\u00fcmlicherweise oft behauptet.<\/p>\n<p>Die Preussen liegt in der \u201eMittleren Schos\u201c der sich in drei Terrassen gliedernden Grosslage \u201eNussberg\u201c. In dem nach S\u00fcden exponierten \u201eFiletst\u00fcck\u201c ist der Kalkgehalt der<\/p>\n<p>vor Millionen Jahren angeschwemmten Fossilien und Muscheln sehr hoch. Seit jeher gilt die Preussen als Paradelage am Wiener Nussberg und l\u00e4sst vor allem Riesling und Wiener Gemischter Satz mit einer unglaublichen Mineralik und Komplexit\u00e4t entstehen.<\/p>\n<p>Weine:<strong><a href=\"https:\/\/shop.pfarrplatz.com\/de\/wein\/ried-preussen-nussberg-riesling-erste-lage-3\/\"> Ried Preussen-Nussberg Erste Lage Riesling<\/a>, <a href=\"https:\/\/shop.pfarrplatz.com\/de\/wein\/ried-preussen-nussberg-wiener-gemischter-satz-dac-erste-lage\/\">Ried Preussen-Nussberg Erste Lage Wiener Gemischter Satz DAC<\/a><\/strong><\/p>\n<\/div><\/section><\/p>\n<\/div><\/div>\n<\/div>\n<div id='av-layout-grid-5'  class='av-layout-grid-container entry-content-wrapper main_color av-flex-cells     avia-builder-el-40  el_after_av_layout_row  el_before_av_layout_row  av-cell-min-height av-cell-min-height-75 submenu-not-first container_wrap fullsize' style=' '   data-av_minimum_height_pc='75'>\n<div class=\"flex_cell no_margin av_one_half  avia-builder-el-41  el_before_av_cell_one_half  avia-builder-el-first   \"  style='vertical-align:middle; padding:30px; ' ><div class='flex_cell_inner' ><p><div  style='padding-bottom:10px; margin:0 0 0 0; color:#333333;' class='av-special-heading av-special-heading-h2 custom-color-heading blockquote modern-quote modern-centered  avia-builder-el-42  el_before_av_hr  avia-builder-el-first  pp_header '><h2 class='av-special-heading-tag '  itemprop=\"headline\"  >Ried Langteufel-Nussberg<\/h2><div class='special-heading-border'><div class='special-heading-inner-border' style='border-color:#333333'><\/div><\/div><\/div><br \/>\n<div  style='height:50px' class='hr hr-invisible   avia-builder-el-43  el_after_av_heading  el_before_av_image '><span class='hr-inner ' ><span class='hr-inner-style'><\/span><\/span><\/div><br \/>\n<div  class='avia-image-container  av-styling-   av-desktop-hide av-medium-hide  avia-builder-el-44  el_after_av_hr  el_before_av_textblock  avia-align-center '  itemprop=\"image\" itemscope=\"itemscope\" itemtype=\"https:\/\/schema.org\/ImageObject\"  ><div class='avia-image-container-inner'><div class='avia-image-overlay-wrap'><img decoding=\"async\" class='wp-image-5770 avia-img-lazy-loading-not-5770 avia_image' src=\"https:\/\/weingut-mayer-am.pfarrplatz.at\/wp-content\/uploads\/sites\/11\/2019\/01\/Wiener-Nussberg.jpg\" alt='' title='Wiener Nussberg' height=\"1333\" width=\"2000\"  itemprop=\"thumbnailUrl\"  \/><\/div><\/div><\/div><br \/>\n<section class=\"av_textblock_section \"  itemscope=\"itemscope\" itemtype=\"https:\/\/schema.org\/CreativeWork\" ><div class='avia_textblock pp_raster_text '  style='font-size:18px; '  itemprop=\"text\" ><p>Die Einzellage Langteufel ist ein Teil der Grosslage \u201eNussberg\u201c. Die Bezeichnung leitet sich von der Grundst\u00fccksform ab. Die Ried Langteufel ist eine lange, keilf\u00f6rmig nach S\u00fcd-Westen exponierte Ried, die bei der Bewirtschaftung \u00a0schon immer sehr viel M\u00fche machte. So fluchten die Hauer: \u201e Teufel ist der Lang\u201c. Urkundlich erw\u00e4hnt wurde diese Lage erstmals 1384 als \u201eLangtewel am Nusper\u201c.<\/p>\n<p>Die Ried Langteufel ist der Preussen nicht un\u00e4hnlich und zeichnet sich durch Sandstein mit hohen Quarzanteil und Meeresablagerungen aus.<\/p>\n<p>Weine: <a href=\"https:\/\/shop.pfarrplatz.com\/de\/wein\/ried-langteufel-nussberg-wiener-gemischter-satz-dac-erste-lage\/\"><strong>Ried Langteufel-Nussberg Erste Lage Wiener Gemischter Satz DAC<\/strong><\/a><\/p>\n<\/div><\/section><\/p>\n<\/div><\/div><div class=\"flex_cell no_margin av_one_half  avia-builder-el-46  el_after_av_cell_one_half  avia-builder-el-last   avia-full-stretch av-hide-on-mobile  \"  style='background:url(https:\/\/weingut-mayer-am.pfarrplatz.at\/wp-content\/uploads\/sites\/11\/2019\/01\/Wiener-Nussberg.jpg) center center no-repeat scroll; vertical-align:top; padding:30px; ' ><div class='flex_cell_inner' ><\/div><\/div>\n<\/div>\n<div id='av-layout-grid-6'  class='av-layout-grid-container entry-content-wrapper main_color av-flex-cells     avia-builder-el-47  el_after_av_layout_row  avia-builder-el-last  av-cell-min-height av-cell-min-height-75 submenu-not-first container_wrap fullsize' style=' '   data-av_minimum_height_pc='75'>\n<div class=\"flex_cell no_margin av_one_half  avia-builder-el-48  el_before_av_cell_one_half  avia-builder-el-first   avia-full-stretch av-hide-on-mobile  \"  style='background:url(https:\/\/weingut-mayer-am.pfarrplatz.at\/wp-content\/uploads\/sites\/11\/2022\/09\/WienerLagen_161015_386Schenkenberg-1030x687.jpg) bottom center no-repeat scroll; vertical-align:top; padding:30px; ' ><div class='flex_cell_inner' ><\/div><\/div><div class=\"flex_cell no_margin av_one_half  avia-builder-el-49  el_after_av_cell_one_half  avia-builder-el-last   avia-full-stretch \"  style='vertical-align:middle; padding:30px; ' ><div class='flex_cell_inner' ><p><div  style='padding-bottom:10px; margin:0 0 0 0; color:#333333;' class='av-special-heading av-special-heading-h2 custom-color-heading blockquote modern-quote modern-centered  avia-builder-el-50  el_before_av_hr  avia-builder-el-first  pp_header '><h2 class='av-special-heading-tag '  itemprop=\"headline\"  >Ried Schenkenberg-Grinzing<\/h2><div class='special-heading-border'><div class='special-heading-inner-border' style='border-color:#333333'><\/div><\/div><\/div><br \/>\n<div  style='height:50px' class='hr hr-invisible   avia-builder-el-51  el_after_av_heading  el_before_av_image '><span class='hr-inner ' ><span class='hr-inner-style'><\/span><\/span><\/div><br \/>\n<div  class='avia-image-container  av-styling-   av-desktop-hide av-medium-hide  avia-builder-el-52  el_after_av_hr  el_before_av_textblock  avia-align-center '  itemprop=\"image\" itemscope=\"itemscope\" itemtype=\"https:\/\/schema.org\/ImageObject\"  ><div class='avia-image-container-inner'><div class='avia-image-overlay-wrap'><img decoding=\"async\" class='wp-image-40823 avia-img-lazy-loading-not-40823 avia_image' src=\"https:\/\/weingut-mayer-am.pfarrplatz.at\/wp-content\/uploads\/sites\/11\/2022\/09\/WienerLagen_161015_386Schenkenberg-1030x687.jpg\" alt='' title='Blick von der Weinlage &quot;Schenkenberg&quot; auf den Kaasgraben, D\u00f6bling, Wien' height=\"687\" width=\"1030\"  itemprop=\"thumbnailUrl\"  \/><\/div><\/div><\/div><br \/>\n<section class=\"av_textblock_section \"  itemscope=\"itemscope\" itemtype=\"https:\/\/schema.org\/CreativeWork\" ><div class='avia_textblock pp_lagen_text '  style='font-size:18px; '  itemprop=\"text\" ><p>Wahrscheinlich beruht die Riedenbezeichnung auf dem Besitz einer Mundschenkenfamilie: Die Kuenringer, die auch in dieser Gegend Besitzungen hatten, waren &#8222;Oberste Schenken&#8220;. Der Schenk leitet sich von schenken in der Bedeutung von einschenken ab.<\/p>\n<p>Der 345m hohe Schenkenberg liegt in Obersievering und stellt den s\u00fcd\u00f6stlichen Abhang der Bellevueh\u00f6he dar. Im Norden und S\u00fcden liegt die Lage an zwei kleinen B\u00e4chen, die f\u00fcr ein k\u00fchleres Klima sorgen.<\/p>\n<p>Geologisch liegt der Schenkenberg als nord\u00f6stlicher Ausl\u00e4ufer der Ostalpen in der Flyschzone, die aus Sandstein, Mergel und Tonstein zusammengesetzt ist.<\/p>\n<p>Erstmals urkundlich erw\u00e4hnt wurde der Schenkenberg schon 1329. Die Lage bringt k\u00fchle sehr pr\u00e4zise Gr\u00fcner Veltliner hervor.<\/p>\n<p>Weine:<a href=\"https:\/\/shop.pfarrplatz.com\/de\/wein\/ried-schenkenberg-grinzing-gruener-veltliner-erste-lage\/\"><strong> Ried Schenkenberg-Grinzing Gr\u00fcner Veltliner<\/strong><\/a><\/p>\n<\/div><\/section><\/p>\n<\/div><\/div><\/div>\n","protected":false},"excerpt":{"rendered":"","protected":false},"author":1,"featured_media":0,"parent":0,"menu_order":23,"comment_status":"closed","ping_status":"closed","template":"","meta":{"footnotes":""},"class_list":["post-5553","page","type-page","status-publish","hentry"],"_links":{"self":[{"href":"https:\/\/weingut-mayer-am.pfarrplatz.at\/de\/wp-json\/wp\/v2\/pages\/5553","targetHints":{"allow":["GET"]}}],"collection":[{"href":"https:\/\/weingut-mayer-am.pfarrplatz.at\/de\/wp-json\/wp\/v2\/pages"}],"about":[{"href":"https:\/\/weingut-mayer-am.pfarrplatz.at\/de\/wp-json\/wp\/v2\/types\/page"}],"author":[{"embeddable":true,"href":"https:\/\/weingut-mayer-am.pfarrplatz.at\/de\/wp-json\/wp\/v2\/users\/1"}],"replies":[{"embeddable":true,"href":"https:\/\/weingut-mayer-am.pfarrplatz.at\/de\/wp-json\/wp\/v2\/comments?post=5553"}],"version-history":[{"count":10,"href":"https:\/\/weingut-mayer-am.pfarrplatz.at\/de\/wp-json\/wp\/v2\/pages\/5553\/revisions"}],"predecessor-version":[{"id":41219,"href":"https:\/\/weingut-mayer-am.pfarrplatz.at\/de\/wp-json\/wp\/v2\/pages\/5553\/revisions\/41219"}],"wp:attachment":[{"href":"https:\/\/weingut-mayer-am.pfarrplatz.at\/de\/wp-json\/wp\/v2\/media?parent=5553"}],"curies":[{"name":"wp","href":"https:\/\/api.w.org\/{rel}","templated":true}]}}