{"id":41070,"date":"2024-12-16T11:35:44","date_gmt":"2024-12-16T10:35:44","guid":{"rendered":"https:\/\/weingut-mayer-am.pfarrplatz.at\/?page_id=41070"},"modified":"2026-01-27T15:50:08","modified_gmt":"2026-01-27T14:50:08","slug":"veranstaltungen","status":"publish","type":"page","link":"https:\/\/weingut-mayer-am.pfarrplatz.at\/de\/veranstaltungen\/","title":{"rendered":"Veranstaltungen"},"content":{"rendered":"<div class=\"flex_column av_one_full  flex_column_div av-zero-column-padding first  avia-builder-el-0  el_before_av_heading  avia-builder-el-first  \" style='margin-top:20px; border-radius:0px; '><span  class=\"av_font_icon avia_animate_when_visible avia-icon-animate  av-icon-style-  avia-icon-pos-center \" style=\"color:#000000; border-color:#000000;\"><span class='av-icon-char' style='font-size:80px;line-height:80px;' aria-hidden='true' data-av_icon='\ue888' data-av_iconfont='pfarrplatz' ><\/span><\/span><\/div>\n<div  style='padding-bottom:70px; margin-top:30px; margin-bottom:120px; ' class='av-special-heading av-special-heading-h1  blockquote modern-quote modern-centered  avia-builder-el-2  el_after_av_one_full  el_before_av_heading  pp_header '><h1 class='av-special-heading-tag '  itemprop=\"headline\"  >Events 2026<\/h1><div class='special-heading-border'><div class='special-heading-inner-border' ><\/div><\/div><\/div>\n\n<div class=\"flex_column av_one_half  flex_column_div av-zero-column-padding first  avia-builder-el-4  el_after_av_heading  el_before_av_one_half  \" style='border-radius:0px; '><div  class='avia-image-container  av-styling-    avia-builder-el-5  avia-builder-el-no-sibling  avia-align-center '  itemprop=\"image\" itemscope=\"itemscope\" itemtype=\"https:\/\/schema.org\/ImageObject\"  ><div class='avia-image-container-inner'><div class='avia-image-overlay-wrap'><img decoding=\"async\" class='wp-image-41608 avia-img-lazy-loading-not-41608 avia_image' src=\"https:\/\/weingut-mayer-am.pfarrplatz.at\/wp-content\/uploads\/sites\/11\/2025\/11\/Dragos_5x4-824x1030.jpg\" alt='' title='Dragos_5x4' height=\"1030\" width=\"824\"  itemprop=\"thumbnailUrl\"  \/><\/div><\/div><\/div><\/div>\n<div class=\"flex_column av_one_half  flex_column_div av-zero-column-padding   avia-builder-el-6  el_after_av_one_half  el_before_av_one_half  \" style='border-radius:0px; '><section class=\"av_textblock_section \"  itemscope=\"itemscope\" itemtype=\"https:\/\/schema.org\/CreativeWork\" ><div class='avia_textblock  '   itemprop=\"text\" ><h2 class=\"s4\">Gereifte Rarit\u00e4ten aus unserm Archiv.<\/h2>\n<p class=\"s4\"><strong><span class=\"s3\">26. M\u00e4rz 2026 \u2013 <\/span><span class=\"s3\">19:00<\/span><\/strong><\/p>\n<p class=\"s4\">Tauchen Sie ein in die Welt unserer gereiften Weine! Entdecken Sie seltene Sch\u00e4tze aus unserem Archiv, liebevoll pr\u00e4sentiert und kommentiert von unserem Kellermeister Dragos Pavelescu.<\/p>\n<p class=\"s4\"><strong>Preis:<\/strong> 69 Euro<\/p>\n<p class=\"s4\"><strong>Ort der Verkostung:<\/strong> Wein-Shop Mayer am Pfarrplatz, Kuchelauer Hafenstrasse 175, 1190 Wien<\/p>\n<p class=\"s4\"><strong>Begrenzte Teilnehmerzahl<\/strong><\/p>\n<\/div><\/section><\/div>\n<div class=\"flex_column av_one_half  flex_column_div av-zero-column-padding first  avia-builder-el-8  el_after_av_one_half  el_before_av_one_half  column-top-margin\" style='border-radius:0px; '><section class=\"av_textblock_section \"  itemscope=\"itemscope\" itemtype=\"https:\/\/schema.org\/CreativeWork\" ><div class='avia_textblock  '   itemprop=\"text\" ><h2 class=\"s4\"><span class=\"s2\"><strong>Evolution: Rotes Haus Wiener Gemischter Satz Lagen Vertikale<\/strong><\/span><strong><span class=\"s2\">.<\/span><\/strong><\/h2>\n<p class=\"s4\"><strong><span class=\"s3\">29. Oktober 2026 \u2013 <\/span><span class=\"s3\">19:00<\/span><\/strong><\/p>\n<p class=\"s4\">Tauchen Sie ein in die Welt des Wiener Gemischten Satzes und erleben Sie eine exklusive Verkostung mit Jahrgangstiefe. Wir pr\u00e4sentieren Ihnen zwei besondere Weine aus renommierten Lagen: den Rotes Haus Ried Langteufel 1 \u00d6TW und den Rotes Haus Ried Preussen 1 \u00d6TW.<\/p>\n<p class=\"s4\">Begleitet von spannenden Einblicken in die Geschichte und Tradition des Wiener Gemischten Satzes, entdecken Sie die feinen Unterschiede und die Entwicklung der Aromen \u00fcber verschiedene Jahrg\u00e4nge hinweg. Diese einmalige Gelegenheit bietet Kennern und Weinliebhabern eine intensive Begegnung mit zwei Weinen, die die Vielfalt und das Terroir der Region auf besondere Weise widerspiegeln. Genie\u00dfen Sie diesen au\u00dfergew\u00f6hnlichen Abend und lassen Sie sich von den raffinierten Nuancen der einzelnen Jahrg\u00e4nge inspirieren.<\/p>\n<p class=\"s4\"><strong>Preis:<\/strong> 69 Euro<\/p>\n<p class=\"s4\"><strong>Ort der Verkostung:<\/strong> Wein-Shop Mayer am Pfarrplatz, Kuchelauer Hafenstrasse 175, 1190 Wien<\/p>\n<p class=\"s4\"><strong>Begrenzte Teilnehmerzahl<\/strong><\/p>\n<\/div><\/section><\/div>\n<div class=\"flex_column av_one_half  flex_column_div av-zero-column-padding   avia-builder-el-10  el_after_av_one_half  el_before_av_one_half  column-top-margin\" style='border-radius:0px; '><div  class='avia-image-container  av-styling-    avia-builder-el-11  avia-builder-el-no-sibling  avia-align-center '  itemprop=\"image\" itemscope=\"itemscope\" itemtype=\"https:\/\/schema.org\/ImageObject\"  ><div class='avia-image-container-inner'><div class='avia-image-overlay-wrap'><img decoding=\"async\" class='wp-image-41117 avia-img-lazy-loading-not-41117 avia_image' src=\"https:\/\/weingut-mayer-am.pfarrplatz.at\/wp-content\/uploads\/sites\/11\/2024\/12\/WienerLagen_161015_386Schenkenberg-copy-1030x1030.jpg\" alt='' title='WienerLagen_161015_386Schenkenberg copy' height=\"1030\" width=\"1030\"  itemprop=\"thumbnailUrl\"  \/><\/div><\/div><\/div><\/div>\n<div class='flex_column_table av-equal-height-column-flextable av-break-at-tablet-flextable' ><div class=\"flex_column av_one_half  av-break-at-tablet flex_column_table_cell av-equal-height-column av-align-middle av-zero-column-padding first  avia-builder-el-12  el_after_av_one_half  el_before_av_one_half  column-top-margin\" style='border-radius:0px; '><div  class='avia-image-container  av-styling-    avia-builder-el-13  avia-builder-el-no-sibling  avia-align-center '  itemprop=\"image\" itemscope=\"itemscope\" itemtype=\"https:\/\/schema.org\/ImageObject\"  ><div class='avia-image-container-inner'><div class='avia-image-overlay-wrap'><img decoding=\"async\" class='wp-image-41094 avia-img-lazy-loading-not-41094 avia_image' src=\"https:\/\/weingut-mayer-am.pfarrplatz.at\/wp-content\/uploads\/sites\/11\/2024\/12\/Tisch3-\u00a9KKhoss-scaled-1-1030x1030.jpg\" alt='' title='Tisch3-\u00a9KKhoss-scaled' height=\"1030\" width=\"1030\"  itemprop=\"thumbnailUrl\"  \/><\/div><\/div><\/div><\/div>\n<div class='av-flex-placeholder'><\/div><div class=\"flex_column av_one_half  av-break-at-tablet flex_column_table_cell av-equal-height-column av-align-middle av-zero-column-padding   avia-builder-el-14  el_after_av_one_half  avia-builder-el-last  column-top-margin\" style='border-radius:0px; '><section class=\"av_textblock_section \"  itemscope=\"itemscope\" itemtype=\"https:\/\/schema.org\/CreativeWork\" ><div class='avia_textblock  '   itemprop=\"text\" ><h2 class=\"s4\"><span class=\"s2\"> <strong>Advent Ab-Hof Verkauf mit hausgemachtem Gl\u00fchwein<\/strong><\/span><strong><span class=\"s2\">.<\/span><\/strong><\/h2>\n<p class=\"s4\"><strong>3. Dezember 2026 ab 16 Uhr<\/strong><\/p>\n<p class=\"s4\"><strong>10. Dezember 2026\u200b ab 16 Uhr<\/strong><\/p>\n<p class=\"s4\"><strong>17. Dezember 2026\u00a0ab 16 Uhr<\/strong><\/p>\n<p class=\"s4\">An den drei Donnerstagen im Dezember versorgen wir Sie nicht nur mit den idealen Weinen f\u00fcr die Feiertage, sondern begr\u00fc\u00dfen Sie auch mit hausgemachtem Gl\u00fchwein.<\/p>\n<p><strong>Weingut Mayer am Pfarrplatz | Wein Shop<\/strong><br \/>\n<strong>Kuchelauer Hafenstrasse 175<\/strong><br \/>\n<strong>1190 Wien<\/strong><\/p>\n<\/div><\/section><\/div><\/div><!--close column table wrapper. Autoclose: 1 -->\n","protected":false},"excerpt":{"rendered":"","protected":false},"author":3437,"featured_media":0,"parent":0,"menu_order":4,"comment_status":"closed","ping_status":"closed","template":"","meta":{"footnotes":""},"class_list":["post-41070","page","type-page","status-publish","hentry"],"_links":{"self":[{"href":"https:\/\/weingut-mayer-am.pfarrplatz.at\/de\/wp-json\/wp\/v2\/pages\/41070","targetHints":{"allow":["GET"]}}],"collection":[{"href":"https:\/\/weingut-mayer-am.pfarrplatz.at\/de\/wp-json\/wp\/v2\/pages"}],"about":[{"href":"https:\/\/weingut-mayer-am.pfarrplatz.at\/de\/wp-json\/wp\/v2\/types\/page"}],"author":[{"embeddable":true,"href":"https:\/\/weingut-mayer-am.pfarrplatz.at\/de\/wp-json\/wp\/v2\/users\/3437"}],"replies":[{"embeddable":true,"href":"https:\/\/weingut-mayer-am.pfarrplatz.at\/de\/wp-json\/wp\/v2\/comments?post=41070"}],"version-history":[{"count":28,"href":"https:\/\/weingut-mayer-am.pfarrplatz.at\/de\/wp-json\/wp\/v2\/pages\/41070\/revisions"}],"predecessor-version":[{"id":41669,"href":"https:\/\/weingut-mayer-am.pfarrplatz.at\/de\/wp-json\/wp\/v2\/pages\/41070\/revisions\/41669"}],"wp:attachment":[{"href":"https:\/\/weingut-mayer-am.pfarrplatz.at\/de\/wp-json\/wp\/v2\/media?parent=41070"}],"curies":[{"name":"wp","href":"https:\/\/api.w.org\/{rel}","templated":true}]}}