{"id":25,"date":"2018-06-03T11:18:21","date_gmt":"2018-06-03T09:18:21","guid":{"rendered":"https:\/\/shop2019.pfarrplatz.at\/impressum\/"},"modified":"2025-08-11T10:43:28","modified_gmt":"2025-08-11T08:43:28","slug":"impressum","status":"publish","type":"page","link":"https:\/\/weingut-mayer-am.pfarrplatz.at\/de\/impressum\/","title":{"rendered":"Impressum"},"content":{"rendered":"<section class=\"av_textblock_section \"  itemscope=\"itemscope\" itemtype=\"https:\/\/schema.org\/CreativeWork\" ><div class='avia_textblock  '   itemprop=\"text\" ><p><strong>OFFENLEGUNG NACH \u00a7 25 MEDIENGESETZ<br \/>\nKENNZEICHNUNG NACH UGB und ECG<\/strong><\/p>\n<p><strong>Inhaber der Seite<\/strong><\/p>\n<p>VWG \u201eVienna 19\u201c Wein GmbH<br \/>\nEroicagasse 4<br \/>\n1190 Wien<\/p>\n<p><strong>Vertretungsbefugte Organe<\/strong><\/p>\n<p>Thomas Podsednik<br \/>\nFreddy Schmid<\/p>\n<p><strong>Kontaktinformationen<\/strong><\/p>\n<p>Telefon: 0043 1 370 33 61<br \/>\nEmail: weingut@pfarrplatz.at<br \/>\nFirmenbuchnummer: FN 286637a<br \/>\nUID Nummer: ATU 63191913<\/p>\n<p><strong>Zust\u00e4ndige Stellen <\/strong><\/p>\n<p>Firmenbuchgericht: Handelsgericht Wien<br \/>\nAufsichtsbeh\u00f6rde: Magistrat\/Gewerbebeh\u00f6rde der Stadt Wien<br \/>\nAnwendbare Rechtsvorschriften: Gewerbeordnung (GewO) unter www.ris.bka.gv.at<br \/>\nKammer: Landwirtschaftskammer Wien, Sparte Weinbau \/ Buschenschank<\/p>\n<p><strong>T\u00e4tigkeitsbereich<\/strong><\/p>\n<p>Produktion und Vertrieb von Wiener Eigenbauwein \/ Buschenschankbetrieb<\/p>\n<p><strong>Richtung der Website \u201eBlattlinie\u201c<\/strong><\/p>\n<p>Die Webseite www.pfarrplatz.at dient nur der Bewerbung und dem Verkauf von Waren und der Darstellung des Unternehmens.<\/p>\n<p><strong>Design &amp; Fotografie<\/strong><\/p>\n<p>Katharina Khoss *Design &amp; Photography<\/p>\n<p><strong>Hinweise und Haftungsausschluss<\/strong><\/p>\n<p>Im Hinblick auf die technischen Eigenschaften des Internet kann keine Gew\u00e4hr f\u00fcr die Authentizit\u00e4t, Richtigkeit und Vollst\u00e4ndigkeit der im Internet zur Verf\u00fcgung gestellten Informationen \u00fcbernommen werden. Es wird auch keine Gew\u00e4hr f\u00fcr die Verf\u00fcgbarkeit oder den Betrieb der gegenst\u00e4ndlichen Homepage und ihrer Inhalte \u00fcbernommen. Jede Haftung f\u00fcr unmittelbare, mittelbare oder sonstige Sch\u00e4den, unabh\u00e4ngig von deren Ursachen, die aus der Benutzung oder Nichtverf\u00fcgbarkeit der Daten und Informationen dieser Homepage erwachsen, wird, soweit rechtlich zul\u00e4ssig, ausgeschlossen. Der Inhalt dieser Homepage ist urheberrechtlich gesch\u00fctzt. Die Informationen sind nur f\u00fcr die pers\u00f6nliche Verwendung bestimmt. Jede weitergehende Nutzung insbesondere die Speicherung in Datenbanken, Vervielf\u00e4ltigung und jede Form von gewerblicher Nutzung sowie die Weitergabe an Dritte &#8211; auch in Teilen oder in \u00fcberarbeiteter Form &#8211; ohne Zustimmung der jeweiligen Organisation ist untersagt. Jede Einbindung einzelner Seiten unseres Angebotes in fremde Frames ist zu unterlassen. Soweit im Content personenbezogene Bezeichnungen nur in m\u00e4nnlicher Form angef\u00fchrt sind, beziehen sie sich auf Frauen und M\u00e4nner in gleicher Weise.<\/p>\n<\/div><\/section>\n","protected":false},"excerpt":{"rendered":"","protected":false},"author":1,"featured_media":0,"parent":0,"menu_order":37,"comment_status":"closed","ping_status":"closed","template":"","meta":{"footnotes":""},"class_list":["post-25","page","type-page","status-publish","hentry"],"_links":{"self":[{"href":"https:\/\/weingut-mayer-am.pfarrplatz.at\/de\/wp-json\/wp\/v2\/pages\/25","targetHints":{"allow":["GET"]}}],"collection":[{"href":"https:\/\/weingut-mayer-am.pfarrplatz.at\/de\/wp-json\/wp\/v2\/pages"}],"about":[{"href":"https:\/\/weingut-mayer-am.pfarrplatz.at\/de\/wp-json\/wp\/v2\/types\/page"}],"author":[{"embeddable":true,"href":"https:\/\/weingut-mayer-am.pfarrplatz.at\/de\/wp-json\/wp\/v2\/users\/1"}],"replies":[{"embeddable":true,"href":"https:\/\/weingut-mayer-am.pfarrplatz.at\/de\/wp-json\/wp\/v2\/comments?post=25"}],"version-history":[{"count":10,"href":"https:\/\/weingut-mayer-am.pfarrplatz.at\/de\/wp-json\/wp\/v2\/pages\/25\/revisions"}],"predecessor-version":[{"id":40838,"href":"https:\/\/weingut-mayer-am.pfarrplatz.at\/de\/wp-json\/wp\/v2\/pages\/25\/revisions\/40838"}],"wp:attachment":[{"href":"https:\/\/weingut-mayer-am.pfarrplatz.at\/de\/wp-json\/wp\/v2\/media?parent=25"}],"curies":[{"name":"wp","href":"https:\/\/api.w.org\/{rel}","templated":true}]}}