{"id":1247,"date":"2018-06-03T11:18:21","date_gmt":"2018-06-03T09:18:21","guid":{"rendered":"https:\/\/shop2019.pfarrplatz.at\/allgemeine-datenschutzinformation\/"},"modified":"2021-08-11T15:05:34","modified_gmt":"2021-08-11T13:05:34","slug":"allgemeine-datenschutzinformation","status":"publish","type":"page","link":"https:\/\/weingut-mayer-am.pfarrplatz.at\/de\/allgemeine-datenschutzinformation\/","title":{"rendered":"Allgemeine Datenschutzinformation"},"content":{"rendered":"<section class=\"av_textblock_section \"  itemscope=\"itemscope\" itemtype=\"https:\/\/schema.org\/CreativeWork\" ><div class='avia_textblock  '   itemprop=\"text\" ><div class=\"agb\">\n<p>Wir freuen uns \u00fcber Ihr Interesse an unserem Unternehmen und unserer Website www.pfarrplatz.at. Das Unternehmen VWG \u201eVienna 19\u201c Wein GmbH, FN\u00a0<span style=\"font-family: Arial, sans-serif; font-size: 10pt;\">286637a<\/span>, mit der Gesch\u00e4ftsanschrift Eroicagasse 4, 1190 Wien, betreibt f\u00fcr seine Kunden ein Onlineportal unter der Webadresse \u201ewww.pfarrplatz.at\u201c. Weiterf\u00fchrende Informationen \u00fcber VWG \u201eVienna 19\u201c Wein GmbH finden sie im <a href=\"https:\/\/weingut-mayer-am.pfarrplatz.at\/weingutmayer\/de\/impressum\/\">Impressum dieser Seite<\/a>. Diese Datenschutzinformation gilt f\u00fcr die im Namen der VWG &#8222;Vienna 19&#8220; Wein GmbH unternommenen und im Onlineportal angebotenen Kundenangebote.<\/p>\n<p>Die VWG \u201eVienna 19\u201c Wein GmbH ist Teil einer Unternehmensgruppe. Zur Erf\u00fcllung seiner Verpflichtungen bedient sich die VWG &#8222;Vienna 19&#8220; Wein GmbH arbeitsteiliger Weise auch Konzernverbundenen Unternehmen. Eine Liste der in den Anwendungsbereich dieser Datenschutzinformation fallenden Unternehmen finden Sie <a href=\"http:\/\/www.pfarrplatz.com\/DSGVO\/07_Unternehmen_VWG.pdf\" target=\"_blank\" rel=\"noopener\">hier<\/a>.<\/p>\n<p><strong>Gegenstand der Information<\/strong><br \/>\nIn dieser allgemeinen Datenschutzinformation wird unser grunds\u00e4tzliches Bekenntnis zum Datenschutz und allgemeine Sicherheitsma\u00dfnahmen beschrieben und erl\u00e4utert. Die Erf\u00fcllung unserer datenschutzrechtlichen Informationspflichten nehmen wir durch f\u00fcr die einzelnen Kundenangebote gesondert erstellte Datenschutzinformationen war, die einen integrierenden Bestandteil dieser Datenschutzinformation bilden. N\u00e4here Informationen und eine Verlinkung zu den Dokumenten finden Sie nachstehend unter \u201e<a href=\"#kundenangebote\">Datenschutzinformation nach Kundenangeboten<\/a>\u201c<em><strong>.<\/strong><\/em><\/p>\n<p><strong>Sicherheitsma\u00dfnahmen<\/strong><br \/>\nDer Schutz Ihrer personenbezogenen Daten und Informationen, die zur Feststellung Ihrer Identit\u00e4t f\u00fchren k\u00f6nnen, ist uns sehr wichtig. Ziel der Pfarrplatz Gastronomiebetriebs GmbH ist es, die Erwartungen unserer Kunden an unseren Produkten und Dienstleistungen fortw\u00e4hrend zu erf\u00fcllen. Dazu z\u00e4hlt auch der verantwortungsvolle Umgang mit den Daten, die Sie uns f\u00fcr im Rahmen unserer Kundenbeziehung anvertrauen. Wir verpflichten uns, Ihre Daten gem\u00e4\u00df den jeweils geltenden Datenschutzgesetzen zu sch\u00fctzen.<br \/>\nAus diesem Grund arbeiten wir auch st\u00e4ndig an der \u00dcberpr\u00fcfung und Verbesserung unserer technischen und physischen Sicherheitsregeln. In einem Sicherheitskonzept haben wir durch Regeln und Vorkehrungen Sicherheitsma\u00dfnahmen implementiert, um auf allen von der VWG \u201eVienna 19\u201c Wein GmbH\u00a0betriebenen Websites und Servern, ihre personenbezogenen Daten vor unbeabsichtigtem Verlust, Missbrauch und Ver\u00e4nderungen zu sch\u00fctzen, w\u00e4hrend sie unserer Kontrolle unterliegen.<br \/>\nDie Einhaltung datenschutzrechtlicher Auflagen stellen wir auch durch regelm\u00e4\u00dfige Schulungen unseres Personals, der Bereitstellung eines Datenschutzkoordinators und durch schriftliche \u00dcberbindung der Verpflichtung zur Datengeheimhaltung an Mitarbeiter und externe Auftragsverarbeiter sicher.<\/p>\n<p><strong>Minderj\u00e4hrige<\/strong><br \/>\nWir beabsichtigen nicht die Erfassung personenbezogener Daten von Minderj\u00e4hrigen; leider k\u00f6nnen wir aber das Alter der Personen, die unsere Websites aufrufen und verwenden, jedoch nicht immer \u00fcberpr\u00fcfen. Wenn eine minderj\u00e4hrige Person uns ihre Daten ohne Genehmigung des Erziehungsberechtigten \u00fcbermittelt, ersuchen wird diese sich an uns zu wenden, damit diese Daten gel\u00f6scht werden und die minderj\u00e4hrige Person unsererseits nicht mehr (zB Werbematerial) kontaktiert werden kann. Kontakt: <a href=\"mailto:weingut@pfarrplatz.at\">weingut@pfarrplatz.at<\/a><\/p>\n<p><a href=\"#\" name=\"kundenangebote\">\u00a0<\/a><\/p>\n<p><strong>Datenschutzinformation nach Kundenangeboten<\/strong><br \/>\nZur Erf\u00fcllung unserer datenschutzrechtlichen Informationspflichten haben wir f\u00fcr unsere Kundenangebote zur besseren Lesbarkeit und Transparenz gesonderte Datenschutzinformationen erstellt. Durch Anklicken des, beim Kundenangebot ausgewiesenen Links \u201e<em>Datenschutzinformation<\/em>\u201c, werden sie zum zugeh\u00f6rigen Dokument weitergeleitet.<br \/>\nIn den Datenschutzinformationen nach Kundenangeboten informieren wir Sie ausf\u00fchrlich dar\u00fcber<\/p>\n<ul>\n<li>wer wir sind und wie Sie mit uns in Kontakt treten k\u00f6nnen,<\/li>\n<li>auf welche Produkte sich die Datenschutzinformation bezieht,<\/li>\n<li>welche Kategorien personenbezogener Daten wir verarbeiten,<\/li>\n<li>aus welchen Quellen wir Daten beziehen,<\/li>\n<li>zu welchen Zwecken wir personenbezogene Daten (auch innerhalb der Unternehmensgruppe) verarbeiten,<\/li>\n<li>auf welcher Rechtsgrundlage wir dies tun,<\/li>\n<li>an wen wir personenbezogene Daten gegebenenfalls \u00fcbermitteln,<\/li>\n<li>wie lange wir personenbezogene Daten speichern und<\/li>\n<li>welche Rechte Ihnen in Bezug auf die verarbeiteten personenbezogenen Daten zukommen.<\/li>\n<\/ul>\n<p>Soweit in den Datenschutzinformationen darauf verwiesen wird, dass wir Datenverarbeitungen gest\u00fctzt auf Ihre Einwilligung vornehmen, setzt dies nat\u00fcrlich voraus, dass sie uns diese Einwilligung wirksam erteilt haben. Liegt keine Einwilligung vor, werden wir Datenverarbeitungen, die wir auf Einwilligung st\u00fctzen in Bezug auf ihre Person nicht vornehmen.<\/p>\n<p>Nat\u00fcrlich k\u00f6nnen unsere Onlineangebote (Websites) auch besucht werden, ohne dass Angaben zur Person des Nutzers gemacht werden. In diesem Fall, aber auch im Fall der Nutzung des Online-Angebots durch registrierte Nutzer, werden Zugriffsdaten ohne Personenbezug (zB Name des Internet Service Providers, die Seite von welcher der Nutzer die Websites besucht, die anonymisierte IP-Adresse, Datum und Uhrzeit des Besuches) gespeichert. Datenschutzinformationen zu dieser Art der Datenverarbeitung finden Sie neben den einzelnen Datenschutzinformationen in der \u201e<a href=\"http:\/\/www.pfarrplatz.com\/DSGVO\/09_4_Cookie_Information_VWG.pdf\" target=\"_blank\" rel=\"noopener\">Cookie Information<\/a>\u201c. In dieser Information finden sich auch Ausf\u00fchrungen betreffend \u201eSocial Plug-Ins\u201c, mit welchen Inhalte unserer Website mit anderen geteilt Websites geteilt werden k\u00f6nnen.<\/p>\n<p><strong>Unsere Kundenangebote sind:<\/strong><\/p>\n<ul>\n<li><u>Online \u2013 Dienste (Information, Newsletter Service, Online-Store)<\/u><a href=\"http:\/\/www.pfarrplatz.com\/DSGVO\/09_1_DSI_Online_Dienste_VWG.pdf\" target=\"_blank\" rel=\"noopener\">Datenschutzinformation Online \u2013 Dienste<\/a><br \/>\n<a href=\"http:\/\/www.pfarrplatz.com\/DSGVO\/09_2_DSI_Newsletter_Service_VWG.pdf\" target=\"_blank\" rel=\"noopener\">Datenschutzinformation Newsletter<\/a><\/li>\n<\/ul>\n<ul>\n<li><u>Gewinnspiele<\/u><a href=\"http:\/\/www.pfarrplatz.com\/DSGVO\/09_3_DSI_Gewinnspiele_VWG.pdf\" target=\"_blank\" rel=\"noopener\">Datenschutzinformation Gewinnspiele<\/a><\/li>\n<\/ul>\n<ul>\n<li><u>Besuch der Website f\u00fcr nicht registrierte User<\/u><a href=\"http:\/\/www.pfarrplatz.com\/DSGVO\/09_4_Cookie_Information_VWG.pdf\" target=\"_blank\" rel=\"noopener\">Cookie-Information<\/a><\/li>\n<\/ul>\n<p><strong>Kontakt<\/strong><br \/>\nWenn Sie Ihre Daten, die Datenverwendung oder Ihren bevorzugten Kommunikationsweg aktualisieren m\u00f6chten oder wenn Sie von der VWG \u201eVienna 19\u201c Wein GmbH keine Mitteilungen mehr empfangen oder Widerspruch gegen die Datenverarbeitung erheben m\u00f6chten, k\u00f6nnen Sie dies jederzeit, ohne Angabe von Gr\u00fcndungen unter folgenden Kontaktdaten:<\/p>\n<ul>\n<li>Per Email: \u00a0\u00a0\u00a0\u00a0 <a href=\"mailto:weingut@pfarrplatz.at\">weingut@pfarrplatz.at<\/a><\/li>\n<li>Per Telefon:\u00a0\u00a0\u00a0 0043 1 336 01 97<\/li>\n<li>Per Post:\u00a0\u00a0\u00a0\u00a0\u00a0\u00a0\u00a0 VWG \u201eVienna 19\u201c Wein GmbH, Eroicagasse 4, 1190 Wien<\/li>\n<\/ul>\n<p>Sollten Sie Anmerkungen oder Fragen zum Datenschutzoder zu unseren Datenschutzinformationen haben, k\u00f6nnen Sie sich auf einem der unten angegebenen Wege an uns wenden:<\/p>\n<ul>\n<li>Per Email: \u00a0\u00a0 <a href=\"mailto:weingut@pfarrplatz.at\">weingut@pfarrplatz.at<\/a><\/li>\n<li>Per Telefon:\u00a0 0043 1 336 01 97<\/li>\n<\/ul>\n<p><strong>Stand: Mai 2018<\/strong><\/p>\n<p><a href=\"http:\/\/www.pfarrplatz.com\/DSGVO\/09_Allgemeine_DSI_VWG.pdf\" target=\"_blank\" rel=\"noopener\"><strong>Laden Sie die Allgemeinen Datenschutzinformationen als PDF herunter.<\/strong><\/a><\/p>\n<\/div>\n<\/div><\/section>\n","protected":false},"excerpt":{"rendered":"","protected":false},"author":1,"featured_media":0,"parent":0,"menu_order":35,"comment_status":"closed","ping_status":"closed","template":"","meta":{"footnotes":""},"class_list":["post-1247","page","type-page","status-publish","hentry"],"_links":{"self":[{"href":"https:\/\/weingut-mayer-am.pfarrplatz.at\/de\/wp-json\/wp\/v2\/pages\/1247","targetHints":{"allow":["GET"]}}],"collection":[{"href":"https:\/\/weingut-mayer-am.pfarrplatz.at\/de\/wp-json\/wp\/v2\/pages"}],"about":[{"href":"https:\/\/weingut-mayer-am.pfarrplatz.at\/de\/wp-json\/wp\/v2\/types\/page"}],"author":[{"embeddable":true,"href":"https:\/\/weingut-mayer-am.pfarrplatz.at\/de\/wp-json\/wp\/v2\/users\/1"}],"replies":[{"embeddable":true,"href":"https:\/\/weingut-mayer-am.pfarrplatz.at\/de\/wp-json\/wp\/v2\/comments?post=1247"}],"version-history":[{"count":5,"href":"https:\/\/weingut-mayer-am.pfarrplatz.at\/de\/wp-json\/wp\/v2\/pages\/1247\/revisions"}],"predecessor-version":[{"id":8319,"href":"https:\/\/weingut-mayer-am.pfarrplatz.at\/de\/wp-json\/wp\/v2\/pages\/1247\/revisions\/8319"}],"wp:attachment":[{"href":"https:\/\/weingut-mayer-am.pfarrplatz.at\/de\/wp-json\/wp\/v2\/media?parent=1247"}],"curies":[{"name":"wp","href":"https:\/\/api.w.org\/{rel}","templated":true}]}}